{"id":574,"date":"2025-10-17T20:37:23","date_gmt":"2025-10-17T20:37:23","guid":{"rendered":"https:\/\/altolaguna.com\/?page_id=574"},"modified":"2025-11-04T15:12:40","modified_gmt":"2025-11-04T21:12:40","slug":"actividades","status":"publish","type":"page","link":"https:\/\/altolaguna.com\/?page_id=574","title":{"rendered":"Actividades"},"content":{"rendered":"\t\t<div data-elementor-type=\"wp-page\" data-elementor-id=\"574\" class=\"elementor elementor-574\">\n\t\t\t\t<div class=\"elementor-element elementor-element-14e73bc e-flex e-con-boxed e-con e-parent\" data-id=\"14e73bc\" data-element_type=\"container\" data-settings=\"{&quot;background_background&quot;:&quot;classic&quot;,&quot;shape_divider_bottom&quot;:&quot;curve&quot;,&quot;shape_divider_bottom_negative&quot;:&quot;yes&quot;}\">\n\t\t\t\t\t<div class=\"e-con-inner\">\n\t\t\t\t<div class=\"elementor-shape elementor-shape-bottom\" aria-hidden=\"true\" data-negative=\"true\">\n\t\t\t<svg xmlns=\"http:\/\/www.w3.org\/2000\/svg\" viewBox=\"0 0 1000 100\" preserveAspectRatio=\"none\">\n\t<path class=\"elementor-shape-fill\" d=\"M500,97C126.7,96.3,0.8,19.8,0,0v100l1000,0V1C1000,19.4,873.3,97.8,500,97z\"\/>\n<\/svg>\t\t<\/div>\n\t\t\t\t<div class=\"elementor-element elementor-element-434a8ae elementor-widget elementor-widget-heading\" data-id=\"434a8ae\" data-element_type=\"widget\" data-widget_type=\"heading.default\">\n\t\t\t\t\t<h1 class=\"elementor-heading-title elementor-size-default\">Actividades<\/h1>\t\t\t\t<\/div>\n\t\t\t\t\t<\/div>\n\t\t\t\t<\/div>\n\t\t<div class=\"elementor-element elementor-element-477a0df e-flex e-con-boxed e-con e-parent\" data-id=\"477a0df\" data-element_type=\"container\">\n\t\t\t\t\t<div class=\"e-con-inner\">\n\t\t<div class=\"elementor-element elementor-element-6b68f18 e-con-full e-flex e-con e-child\" data-id=\"6b68f18\" data-element_type=\"container\">\n\t\t\t\t<div class=\"elementor-element elementor-element-b0eb191 elementor-widget elementor-widget-heading\" data-id=\"b0eb191\" data-element_type=\"widget\" data-widget_type=\"heading.default\">\n\t\t\t\t\t<h2 class=\"elementor-heading-title elementor-size-default\">Participemos juntos<\/h2>\t\t\t\t<\/div>\n\t\t\t\t<div class=\"elementor-element elementor-element-05677d1 elementor-widget elementor-widget-heading\" data-id=\"05677d1\" data-element_type=\"widget\" data-widget_type=\"heading.default\">\n\t\t\t\t\t<p class=\"elementor-heading-title elementor-size-default\">Aqu\u00ed encontrar\u00e1s las actividades que nos unen como comunidad: encuentros culturales, talleres, celebraciones y espacios de di\u00e1logo. Cada actividad fortalece nuestros lazos, promueve el aprendizaje colectivo y mantiene viva la esencia de nuestro territorio ind\u00edgena.<\/p>\t\t\t\t<\/div>\n\t\t\t\t<\/div>\n\t\t\t\t\t<\/div>\n\t\t\t\t<\/div>\n\t\t<div class=\"elementor-element elementor-element-7a29545 e-flex e-con-boxed e-con e-parent\" data-id=\"7a29545\" data-element_type=\"container\">\n\t\t\t\t\t<div class=\"e-con-inner\">\n\t\t\t\t<div class=\"elementor-element elementor-element-43abf69 mg-card-img-left elementor-widget elementor-widget-mgposts_list\" data-id=\"43abf69\" data-element_type=\"widget\" data-widget_type=\"mgposts_list.default\">\n\t\t\t\t<div class=\"elementor-widget-container\">\n\t\t\t\t\t            <div id=\"mglp-items\" class=\"mgpl-items style1\">\r\n                                                        <div class=\"mg-card mg-shadow mg-post-list mb-4\">\r\n                                                    <div class=\"mg-card-img mg-post-img\">\r\n                                <figure>\r\n                                    <img fetchpriority=\"high\" decoding=\"async\" width=\"1500\" height=\"1000\" src=\"https:\/\/altolaguna.com\/wp-content\/uploads\/2025\/10\/AltoLaguna128-o.jpg\" class=\"attachment-full size-full wp-post-image\" alt=\"\" srcset=\"https:\/\/altolaguna.com\/wp-content\/uploads\/2025\/10\/AltoLaguna128-o.jpg 1500w, https:\/\/altolaguna.com\/wp-content\/uploads\/2025\/10\/AltoLaguna128-o-300x200.jpg 300w, https:\/\/altolaguna.com\/wp-content\/uploads\/2025\/10\/AltoLaguna128-o-1024x683.jpg 1024w, https:\/\/altolaguna.com\/wp-content\/uploads\/2025\/10\/AltoLaguna128-o-768x512.jpg 768w\" sizes=\"(max-width: 1500px) 100vw, 1500px\" style=\"width:100%;height:66.67%;max-width:1500px;\" \/>                                <\/figure>\r\n                            <\/div>\r\n                                                <div class=\"mg-card-text list-post-text\">\r\n\r\n                                                                                        <div class=\"mgp-cat cat-list grid-meta \">\r\n                                    <a href=\"https:\/\/altolaguna.com\/?cat=1\"><span class=\"mgp-post-cats\">Sin categor\u00eda<\/span><\/a>                                <\/div>\r\n                                                                                        <a class=\"mgp-title-link\" href=\"https:\/\/altolaguna.com\/?p=451\">\r\n                                    <h4 class=\"mgp-ptitle\">Noticia Ejemplo 3<\/h4>                                <\/a>\r\n                                                                                        <div class=\"mgp-meta mb-3\">\r\n                                                                            <span class=\"mgp-author\"><i class=\"fas fa-user\"><\/i><a class=\"mgp-author-link ml-1\" href=\"https:\/\/altolaguna.com\/?author=1\">Alex<\/a><\/span>                                                                                                                <span class=\"mgp-time\">\r\n                                            <i class=\"fas fa-calendar-alt\"><\/i>\r\n                                            17 Oct 2025                                        <\/span>\r\n                                                                    <\/div>\r\n                                                                                        <p>Bienvenido a WordPress. Esta es tu primera entrada. Ed\u00edtala o b\u00f3rrala, \u00a1luego empieza a escribir! What is Lorem Ipsum? Lorem...<\/p>\r\n                                                                                                                            <a href=\"https:\/\/altolaguna.com\/?p=451\" target=\"_self\" class=\"mg-card-btn mg-link2\">Leer m\u00e1s<\/a>\r\n                                                                                        \r\n                        <\/div>\r\n\r\n                    <\/div>\r\n                                                        <div class=\"mg-card mg-shadow mg-post-list mb-4\">\r\n                                                    <div class=\"mg-card-img mg-post-img\">\r\n                                <figure>\r\n                                    <img fetchpriority=\"high\" decoding=\"async\" width=\"1500\" height=\"1000\" src=\"https:\/\/altolaguna.com\/wp-content\/uploads\/2025\/10\/AltoLaguna128-o.jpg\" class=\"attachment-full size-full wp-post-image\" alt=\"\" srcset=\"https:\/\/altolaguna.com\/wp-content\/uploads\/2025\/10\/AltoLaguna128-o.jpg 1500w, https:\/\/altolaguna.com\/wp-content\/uploads\/2025\/10\/AltoLaguna128-o-300x200.jpg 300w, https:\/\/altolaguna.com\/wp-content\/uploads\/2025\/10\/AltoLaguna128-o-1024x683.jpg 1024w, https:\/\/altolaguna.com\/wp-content\/uploads\/2025\/10\/AltoLaguna128-o-768x512.jpg 768w\" sizes=\"(max-width: 1500px) 100vw, 1500px\" style=\"width:100%;height:66.67%;max-width:1500px;\" \/>                                <\/figure>\r\n                            <\/div>\r\n                                                <div class=\"mg-card-text list-post-text\">\r\n\r\n                                                                                        <div class=\"mgp-cat cat-list grid-meta \">\r\n                                    <a href=\"https:\/\/altolaguna.com\/?cat=1\"><span class=\"mgp-post-cats\">Sin categor\u00eda<\/span><\/a>                                <\/div>\r\n                                                                                        <a class=\"mgp-title-link\" href=\"https:\/\/altolaguna.com\/?p=450\">\r\n                                    <h4 class=\"mgp-ptitle\">Noticia Ejemplo 2<\/h4>                                <\/a>\r\n                                                                                        <div class=\"mgp-meta mb-3\">\r\n                                                                            <span class=\"mgp-author\"><i class=\"fas fa-user\"><\/i><a class=\"mgp-author-link ml-1\" href=\"https:\/\/altolaguna.com\/?author=1\">Alex<\/a><\/span>                                                                                                                <span class=\"mgp-time\">\r\n                                            <i class=\"fas fa-calendar-alt\"><\/i>\r\n                                            17 Oct 2025                                        <\/span>\r\n                                                                    <\/div>\r\n                                                                                        <p>Bienvenido a WordPress. Esta es tu primera entrada. Ed\u00edtala o b\u00f3rrala, \u00a1luego empieza a escribir! What is Lorem Ipsum? Lorem...<\/p>\r\n                                                                                                                            <a href=\"https:\/\/altolaguna.com\/?p=450\" target=\"_self\" class=\"mg-card-btn mg-link2\">Leer m\u00e1s<\/a>\r\n                                                                                        \r\n                        <\/div>\r\n\r\n                    <\/div>\r\n                                                        <div class=\"mg-card mg-shadow mg-post-list mb-4\">\r\n                                                    <div class=\"mg-card-img mg-post-img\">\r\n                                <figure>\r\n                                    <img fetchpriority=\"high\" decoding=\"async\" width=\"1500\" height=\"1000\" src=\"https:\/\/altolaguna.com\/wp-content\/uploads\/2025\/10\/AltoLaguna128-o.jpg\" class=\"attachment-full size-full wp-post-image\" alt=\"\" srcset=\"https:\/\/altolaguna.com\/wp-content\/uploads\/2025\/10\/AltoLaguna128-o.jpg 1500w, https:\/\/altolaguna.com\/wp-content\/uploads\/2025\/10\/AltoLaguna128-o-300x200.jpg 300w, https:\/\/altolaguna.com\/wp-content\/uploads\/2025\/10\/AltoLaguna128-o-1024x683.jpg 1024w, https:\/\/altolaguna.com\/wp-content\/uploads\/2025\/10\/AltoLaguna128-o-768x512.jpg 768w\" sizes=\"(max-width: 1500px) 100vw, 1500px\" style=\"width:100%;height:66.67%;max-width:1500px;\" \/>                                <\/figure>\r\n                            <\/div>\r\n                                                <div class=\"mg-card-text list-post-text\">\r\n\r\n                                                                                        <div class=\"mgp-cat cat-list grid-meta \">\r\n                                    <a href=\"https:\/\/altolaguna.com\/?cat=1\"><span class=\"mgp-post-cats\">Sin categor\u00eda<\/span><\/a>                                <\/div>\r\n                                                                                        <a class=\"mgp-title-link\" href=\"https:\/\/altolaguna.com\/?p=1\">\r\n                                    <h4 class=\"mgp-ptitle\">Noticia Ejemplo 1<\/h4>                                <\/a>\r\n                                                                                        <div class=\"mgp-meta mb-3\">\r\n                                                                            <span class=\"mgp-author\"><i class=\"fas fa-user\"><\/i><a class=\"mgp-author-link ml-1\" href=\"https:\/\/altolaguna.com\/?author=1\">Alex<\/a><\/span>                                                                                                                <span class=\"mgp-time\">\r\n                                            <i class=\"fas fa-calendar-alt\"><\/i>\r\n                                            28 Ago 2025                                        <\/span>\r\n                                                                    <\/div>\r\n                                                                                        <p>What is Lorem Ipsum? Lorem Ipsum is simply dummy text of the printing and typesetting industry. Lorem Ipsum has been...<\/p>\r\n                                                                                                                            <a href=\"https:\/\/altolaguna.com\/?p=1\" target=\"_self\" class=\"mg-card-btn mg-link2\">Leer m\u00e1s<\/a>\r\n                                                                                        \r\n                        <\/div>\r\n\r\n                    <\/div>\r\n                            <\/div>\r\n\r\n\r\n\r\n\r\n\t\t\t\t<\/div>\n\t\t\t\t<\/div>\n\t\t\t\t\t<\/div>\n\t\t\t\t<\/div>\n\t\t\t\t<\/div>\n\t\t","protected":false},"excerpt":{"rendered":"<p>Actividades Participemos juntos Aqu\u00ed encontrar\u00e1s las actividades que nos unen como comunidad: encuentros culturales, talleres, celebraciones y espacios de di\u00e1logo. Cada actividad fortalece nuestros lazos, promueve el aprendizaje colectivo y mantiene viva la esencia de nuestro territorio ind\u00edgena. Sin categor\u00eda Noticia Ejemplo 3 Alex 17 Oct 2025 Bienvenido a WordPress. Esta es tu primera entrada.&hellip; <a class=\"more-link\" href=\"https:\/\/altolaguna.com\/?p=1\">Continuar leyendo <span class=\"screen-reader-text\">Noticia Ejemplo 1<\/span><\/a><\/p>\n","protected":false},"author":1,"featured_media":0,"parent":0,"menu_order":0,"comment_status":"closed","ping_status":"closed","template":"elementor_header_footer","meta":{"inline_featured_image":false,"footnotes":""},"class_list":["post-574","page","type-page","status-publish","hentry","entry"],"_links":{"self":[{"href":"https:\/\/altolaguna.com\/index.php?rest_route=\/wp\/v2\/pages\/574","targetHints":{"allow":["GET"]}}],"collection":[{"href":"https:\/\/altolaguna.com\/index.php?rest_route=\/wp\/v2\/pages"}],"about":[{"href":"https:\/\/altolaguna.com\/index.php?rest_route=\/wp\/v2\/types\/page"}],"author":[{"embeddable":true,"href":"https:\/\/altolaguna.com\/index.php?rest_route=\/wp\/v2\/users\/1"}],"replies":[{"embeddable":true,"href":"https:\/\/altolaguna.com\/index.php?rest_route=%2Fwp%2Fv2%2Fcomments&post=574"}],"version-history":[{"count":10,"href":"https:\/\/altolaguna.com\/index.php?rest_route=\/wp\/v2\/pages\/574\/revisions"}],"predecessor-version":[{"id":1163,"href":"https:\/\/altolaguna.com\/index.php?rest_route=\/wp\/v2\/pages\/574\/revisions\/1163"}],"wp:attachment":[{"href":"https:\/\/altolaguna.com\/index.php?rest_route=%2Fwp%2Fv2%2Fmedia&parent=574"}],"curies":[{"name":"wp","href":"https:\/\/api.w.org\/{rel}","templated":true}]}}