{"id":646,"date":"2025-10-28T21:41:00","date_gmt":"2025-10-28T21:41:00","guid":{"rendered":"https:\/\/altolaguna.com\/?page_id=646"},"modified":"2026-01-24T12:32:42","modified_gmt":"2026-01-24T18:32:42","slug":"servicios","status":"publish","type":"page","link":"https:\/\/altolaguna.com\/?page_id=646","title":{"rendered":"Servicios"},"content":{"rendered":"\t\t<div data-elementor-type=\"wp-page\" data-elementor-id=\"646\" class=\"elementor elementor-646\">\n\t\t\t\t<div class=\"elementor-element elementor-element-7e6bd6e e-flex e-con-boxed e-con e-parent\" data-id=\"7e6bd6e\" data-element_type=\"container\" data-settings=\"{&quot;background_background&quot;:&quot;classic&quot;,&quot;shape_divider_bottom&quot;:&quot;curve&quot;,&quot;shape_divider_bottom_negative&quot;:&quot;yes&quot;}\">\n\t\t\t\t\t<div class=\"e-con-inner\">\n\t\t\t\t<div class=\"elementor-shape elementor-shape-bottom\" aria-hidden=\"true\" data-negative=\"true\">\n\t\t\t<svg xmlns=\"http:\/\/www.w3.org\/2000\/svg\" viewBox=\"0 0 1000 100\" preserveAspectRatio=\"none\">\n\t<path class=\"elementor-shape-fill\" d=\"M500,97C126.7,96.3,0.8,19.8,0,0v100l1000,0V1C1000,19.4,873.3,97.8,500,97z\"\/>\n<\/svg>\t\t<\/div>\n\t\t\t\t<div class=\"elementor-element elementor-element-db8bc44 elementor-widget elementor-widget-heading\" data-id=\"db8bc44\" data-element_type=\"widget\" data-widget_type=\"heading.default\">\n\t\t\t\t\t<h1 class=\"elementor-heading-title elementor-size-default\">Servicios<\/h1>\t\t\t\t<\/div>\n\t\t\t\t\t<\/div>\n\t\t\t\t<\/div>\n\t\t<div class=\"elementor-element elementor-element-26a3dcb e-flex e-con-boxed e-con e-parent\" data-id=\"26a3dcb\" data-element_type=\"container\">\n\t\t\t\t\t<div class=\"e-con-inner\">\n\t\t<div class=\"elementor-element elementor-element-e00c370 e-con-full e-flex e-con e-child\" data-id=\"e00c370\" data-element_type=\"container\">\n\t\t\t\t<div class=\"elementor-element elementor-element-e1eacde elementor-widget elementor-widget-heading\" data-id=\"e1eacde\" data-element_type=\"widget\" data-widget_type=\"heading.default\">\n\t\t\t\t\t<h2 class=\"elementor-heading-title elementor-size-default\">Vive una experiencia aut\u00e9ntica en la tierra del pueblo Ng\u00e4be.<\/h2>\t\t\t\t<\/div>\n\t\t\t\t<div class=\"elementor-element elementor-element-7cc7e98 elementor-widget elementor-widget-heading\" data-id=\"7cc7e98\" data-element_type=\"widget\" data-widget_type=\"heading.default\">\n\t\t\t\t\t<p class=\"elementor-heading-title elementor-size-default\">Alto Laguna de Osa ofrece una experiencia \u00fanica, donde la naturaleza y la cultura Ng\u00e4be se combinan para que los visitantes puedan disfrutar de recorridos guiados, observar flora y fauna, hospedarse en un ambiente tranquilo, adquirir artesan\u00edas y degustar de la gastronom\u00eda tradicional. Adem\u00e1s, promueve el bienestar f\u00edsico y salud mental a trav\u00e9s de la conexi\u00f3n con el entorno y el aprendizaje cultural. <br><br>Somos un territorio que abre sus puertas a la interculturalidad para compartir su esencia, sostenibilidad y fomentar un nuevo enfoque de turismo Ng\u00e4be respetando lo ancestral, pero contribuyendo al desarrollo local en equilibrio con la madre tierra<\/p>\t\t\t\t<\/div>\n\t\t\t\t<\/div>\n\t\t\t\t\t<\/div>\n\t\t\t\t<\/div>\n\t\t<div class=\"elementor-element elementor-element-6be0196 e-flex e-con-boxed e-con e-parent\" data-id=\"6be0196\" data-element_type=\"container\">\n\t\t\t\t\t<div class=\"e-con-inner\">\n\t\t<div class=\"elementor-element elementor-element-6233e2a e-con-full e-flex e-con e-child\" data-id=\"6233e2a\" data-element_type=\"container\" data-settings=\"{&quot;background_background&quot;:&quot;classic&quot;}\">\n\t\t\t\t<div class=\"elementor-element elementor-element-f913b87 elementor-widget__width-initial elementor-absolute elementor-widget elementor-widget-image\" data-id=\"f913b87\" data-element_type=\"widget\" data-settings=\"{&quot;_position&quot;:&quot;absolute&quot;}\" data-widget_type=\"image.default\">\n\t\t\t\t\t\t\t\t\t\t\t\t\t\t\t<img fetchpriority=\"high\" decoding=\"async\" width=\"750\" height=\"750\" src=\"https:\/\/altolaguna.com\/wp-content\/uploads\/2025\/10\/ARTE.svg\" class=\"attachment-large size-large wp-image-661\" alt=\"\" style=\"width:100%;height:9.06%;max-width:3179px\" \/>\t\t\t\t\t\t\t\t\t\t\t\t\t\t\t<\/div>\n\t\t\t\t<div class=\"elementor-element elementor-element-2dbcccf elementor-widget__width-initial elementor-absolute e-transform elementor-widget elementor-widget-image\" data-id=\"2dbcccf\" data-element_type=\"widget\" data-settings=\"{&quot;_position&quot;:&quot;absolute&quot;,&quot;_transform_rotateZ_effect&quot;:{&quot;unit&quot;:&quot;px&quot;,&quot;size&quot;:180,&quot;sizes&quot;:[]},&quot;_transform_rotateZ_effect_tablet&quot;:{&quot;unit&quot;:&quot;deg&quot;,&quot;size&quot;:&quot;&quot;,&quot;sizes&quot;:[]},&quot;_transform_rotateZ_effect_mobile&quot;:{&quot;unit&quot;:&quot;deg&quot;,&quot;size&quot;:&quot;&quot;,&quot;sizes&quot;:[]}}\" data-widget_type=\"image.default\">\n\t\t\t\t\t\t\t\t\t\t\t\t\t\t\t<img fetchpriority=\"high\" decoding=\"async\" width=\"750\" height=\"750\" src=\"https:\/\/altolaguna.com\/wp-content\/uploads\/2025\/10\/ARTE.svg\" class=\"attachment-large size-large wp-image-661\" alt=\"\" style=\"width:100%;height:9.06%;max-width:3179px\" \/>\t\t\t\t\t\t\t\t\t\t\t\t\t\t\t<\/div>\n\t\t<div class=\"elementor-element elementor-element-72113c9 e-con-full e-flex e-con e-child\" data-id=\"72113c9\" data-element_type=\"container\">\n\t\t\t\t<div class=\"elementor-element elementor-element-ddb5834 elementor-widget elementor-widget-image\" data-id=\"ddb5834\" data-element_type=\"widget\" data-widget_type=\"image.default\">\n\t\t\t\t\t\t\t\t\t\t\t\t\t\t\t<img decoding=\"async\" src=\"https:\/\/altolaguna.com\/wp-content\/uploads\/2025\/10\/AltoLaguna128-o.jpg\" title=\"AltoLaguna128-o\" alt=\"AltoLaguna128-o\" loading=\"lazy\" \/>\t\t\t\t\t\t\t\t\t\t\t\t\t\t\t<\/div>\n\t\t\t\t<\/div>\n\t\t<div class=\"elementor-element elementor-element-1fe65d7 e-con-full e-flex e-con e-child\" data-id=\"1fe65d7\" data-element_type=\"container\">\n\t\t\t\t<div class=\"elementor-element elementor-element-db3f690 elementor-widget elementor-widget-heading\" data-id=\"db3f690\" data-element_type=\"widget\" data-widget_type=\"heading.default\">\n\t\t\t\t\t<h2 class=\"elementor-heading-title elementor-size-default\"><a href=\"https:\/\/altolaguna.com\/?page_id=950\">Hospedaje<\/a><\/h2>\t\t\t\t<\/div>\n\t\t\t\t<div class=\"elementor-element elementor-element-fb27cce elementor-widget elementor-widget-heading\" data-id=\"fb27cce\" data-element_type=\"widget\" data-widget_type=\"heading.default\">\n\t\t\t\t\t<p class=\"elementor-heading-title elementor-size-default\"><a href=\"https:\/\/altolaguna.com\/?page_id=950\">What is Lorem Ipsum? Lorem Ipsum is simply dummy text of the printing and typesetting industry. Lorem Ipsum has been...<\/a><\/p>\t\t\t\t<\/div>\n\t\t\t\t<div class=\"elementor-element elementor-element-977a268 elementor-widget elementor-widget-button\" data-id=\"977a268\" data-element_type=\"widget\" data-widget_type=\"button.default\">\n\t\t\t\t\t\t\t\t\t\t<a class=\"elementor-button elementor-button-link elementor-size-sm\" href=\"https:\/\/altolaguna.com\/?page_id=950\">\n\t\t\t\t\t\t<span class=\"elementor-button-content-wrapper\">\n\t\t\t\t\t\t\t\t\t<span class=\"elementor-button-text\">Reservar<\/span>\n\t\t\t\t\t<\/span>\n\t\t\t\t\t<\/a>\n\t\t\t\t\t\t\t\t<\/div>\n\t\t\t\t<\/div>\n\t\t\t\t<\/div>\n\t\t<div class=\"elementor-element elementor-element-8965684 e-con-full elementor-hidden-desktop elementor-hidden-tablet elementor-hidden-mobile e-flex e-con e-child\" data-id=\"8965684\" data-element_type=\"container\" data-settings=\"{&quot;background_background&quot;:&quot;classic&quot;}\">\n\t\t\t\t<div class=\"elementor-element elementor-element-30ca6e3 elementor-widget__width-initial elementor-absolute elementor-widget elementor-widget-image\" data-id=\"30ca6e3\" data-element_type=\"widget\" data-settings=\"{&quot;_position&quot;:&quot;absolute&quot;}\" data-widget_type=\"image.default\">\n\t\t\t\t\t\t\t\t\t\t\t\t\t\t\t<img fetchpriority=\"high\" decoding=\"async\" width=\"750\" height=\"750\" src=\"https:\/\/altolaguna.com\/wp-content\/uploads\/2025\/10\/ARTE.svg\" class=\"attachment-large size-large wp-image-661\" alt=\"\" style=\"width:100%;height:9.06%;max-width:3179px\" \/>\t\t\t\t\t\t\t\t\t\t\t\t\t\t\t<\/div>\n\t\t\t\t<div class=\"elementor-element elementor-element-5021746 elementor-widget__width-initial elementor-absolute e-transform elementor-widget elementor-widget-image\" data-id=\"5021746\" data-element_type=\"widget\" data-settings=\"{&quot;_position&quot;:&quot;absolute&quot;,&quot;_transform_rotateZ_effect&quot;:{&quot;unit&quot;:&quot;px&quot;,&quot;size&quot;:180,&quot;sizes&quot;:[]},&quot;_transform_rotateZ_effect_tablet&quot;:{&quot;unit&quot;:&quot;deg&quot;,&quot;size&quot;:&quot;&quot;,&quot;sizes&quot;:[]},&quot;_transform_rotateZ_effect_mobile&quot;:{&quot;unit&quot;:&quot;deg&quot;,&quot;size&quot;:&quot;&quot;,&quot;sizes&quot;:[]}}\" data-widget_type=\"image.default\">\n\t\t\t\t\t\t\t\t\t\t\t\t\t\t\t<img fetchpriority=\"high\" decoding=\"async\" width=\"750\" height=\"750\" src=\"https:\/\/altolaguna.com\/wp-content\/uploads\/2025\/10\/ARTE.svg\" class=\"attachment-large size-large wp-image-661\" alt=\"\" style=\"width:100%;height:9.06%;max-width:3179px\" \/>\t\t\t\t\t\t\t\t\t\t\t\t\t\t\t<\/div>\n\t\t<div class=\"elementor-element elementor-element-67afeed e-con-full e-flex e-con e-child\" data-id=\"67afeed\" data-element_type=\"container\">\n\t\t\t\t<div class=\"elementor-element elementor-element-0811b12 elementor-widget elementor-widget-image\" data-id=\"0811b12\" data-element_type=\"widget\" data-widget_type=\"image.default\">\n\t\t\t\t\t\t\t\t\t\t\t\t\t\t\t<img decoding=\"async\" src=\"https:\/\/altolaguna.com\/wp-content\/uploads\/2025\/10\/AltoLaguna128-o.jpg\" title=\"AltoLaguna128-o\" alt=\"AltoLaguna128-o\" loading=\"lazy\" \/>\t\t\t\t\t\t\t\t\t\t\t\t\t\t\t<\/div>\n\t\t\t\t<\/div>\n\t\t<div class=\"elementor-element elementor-element-34fcf38 e-con-full e-flex e-con e-child\" data-id=\"34fcf38\" data-element_type=\"container\">\n\t\t\t\t<div class=\"elementor-element elementor-element-0e59e59 elementor-widget elementor-widget-heading\" data-id=\"0e59e59\" data-element_type=\"widget\" data-widget_type=\"heading.default\">\n\t\t\t\t\t<h2 class=\"elementor-heading-title elementor-size-default\"><a href=\"https:\/\/altolaguna.com\/?page_id=687\">Alimentacion<\/a><\/h2>\t\t\t\t<\/div>\n\t\t\t\t<div class=\"elementor-element elementor-element-19bbe77 elementor-widget elementor-widget-heading\" data-id=\"19bbe77\" data-element_type=\"widget\" data-widget_type=\"heading.default\">\n\t\t\t\t\t<p class=\"elementor-heading-title elementor-size-default\"><a href=\"https:\/\/altolaguna.com\/?page_id=687\">What is Lorem Ipsum? Lorem Ipsum is simply dummy text of the printing and typesetting industry. Lorem Ipsum has been...<\/a><\/p>\t\t\t\t<\/div>\n\t\t\t\t<div class=\"elementor-element elementor-element-43e1052 elementor-widget elementor-widget-button\" data-id=\"43e1052\" data-element_type=\"widget\" data-widget_type=\"button.default\">\n\t\t\t\t\t\t\t\t\t\t<a class=\"elementor-button elementor-button-link elementor-size-sm\" href=\"https:\/\/altolaguna.com\/?page_id=687\">\n\t\t\t\t\t\t<span class=\"elementor-button-content-wrapper\">\n\t\t\t\t\t\t\t\t\t<span class=\"elementor-button-text\">Reservar<\/span>\n\t\t\t\t\t<\/span>\n\t\t\t\t\t<\/a>\n\t\t\t\t\t\t\t\t<\/div>\n\t\t\t\t<\/div>\n\t\t\t\t<\/div>\n\t\t\t\t\t<\/div>\n\t\t\t\t<\/div>\n\t\t<div class=\"elementor-element elementor-element-ee50506 e-flex e-con-boxed e-con e-parent\" data-id=\"ee50506\" data-element_type=\"container\">\n\t\t\t\t\t<div class=\"e-con-inner\">\n\t\t<div class=\"elementor-element elementor-element-6cf43a9 e-con-full elementor-hidden-desktop elementor-hidden-tablet elementor-hidden-mobile e-flex e-con e-child\" data-id=\"6cf43a9\" data-element_type=\"container\" data-settings=\"{&quot;background_background&quot;:&quot;classic&quot;}\">\n\t\t\t\t<div class=\"elementor-element elementor-element-23be3d5 elementor-widget__width-initial elementor-absolute elementor-widget elementor-widget-image\" data-id=\"23be3d5\" data-element_type=\"widget\" data-settings=\"{&quot;_position&quot;:&quot;absolute&quot;}\" data-widget_type=\"image.default\">\n\t\t\t\t\t\t\t\t\t\t\t\t\t\t\t<img fetchpriority=\"high\" decoding=\"async\" width=\"750\" height=\"750\" src=\"https:\/\/altolaguna.com\/wp-content\/uploads\/2025\/10\/ARTE.svg\" class=\"attachment-large size-large wp-image-661\" alt=\"\" style=\"width:100%;height:9.06%;max-width:3179px\" \/>\t\t\t\t\t\t\t\t\t\t\t\t\t\t\t<\/div>\n\t\t\t\t<div class=\"elementor-element elementor-element-c1f89fb elementor-widget__width-initial elementor-absolute e-transform elementor-widget elementor-widget-image\" data-id=\"c1f89fb\" data-element_type=\"widget\" data-settings=\"{&quot;_position&quot;:&quot;absolute&quot;,&quot;_transform_rotateZ_effect&quot;:{&quot;unit&quot;:&quot;px&quot;,&quot;size&quot;:180,&quot;sizes&quot;:[]},&quot;_transform_rotateZ_effect_tablet&quot;:{&quot;unit&quot;:&quot;deg&quot;,&quot;size&quot;:&quot;&quot;,&quot;sizes&quot;:[]},&quot;_transform_rotateZ_effect_mobile&quot;:{&quot;unit&quot;:&quot;deg&quot;,&quot;size&quot;:&quot;&quot;,&quot;sizes&quot;:[]}}\" data-widget_type=\"image.default\">\n\t\t\t\t\t\t\t\t\t\t\t\t\t\t\t<img fetchpriority=\"high\" decoding=\"async\" width=\"750\" height=\"750\" src=\"https:\/\/altolaguna.com\/wp-content\/uploads\/2025\/10\/ARTE.svg\" class=\"attachment-large size-large wp-image-661\" alt=\"\" style=\"width:100%;height:9.06%;max-width:3179px\" \/>\t\t\t\t\t\t\t\t\t\t\t\t\t\t\t<\/div>\n\t\t<div class=\"elementor-element elementor-element-c64c93e e-con-full e-flex e-con e-child\" data-id=\"c64c93e\" data-element_type=\"container\">\n\t\t\t\t<div class=\"elementor-element elementor-element-d917bfd elementor-widget elementor-widget-image\" data-id=\"d917bfd\" data-element_type=\"widget\" data-widget_type=\"image.default\">\n\t\t\t\t\t\t\t\t\t\t\t\t\t\t\t<img decoding=\"async\" src=\"https:\/\/altolaguna.com\/wp-content\/uploads\/2025\/10\/AltoLaguna128-o.jpg\" title=\"AltoLaguna128-o\" alt=\"AltoLaguna128-o\" loading=\"lazy\" \/>\t\t\t\t\t\t\t\t\t\t\t\t\t\t\t<\/div>\n\t\t\t\t<\/div>\n\t\t<div class=\"elementor-element elementor-element-deccb80 e-con-full e-flex e-con e-child\" data-id=\"deccb80\" data-element_type=\"container\">\n\t\t\t\t<div class=\"elementor-element elementor-element-e0e5629 elementor-widget elementor-widget-heading\" data-id=\"e0e5629\" data-element_type=\"widget\" data-widget_type=\"heading.default\">\n\t\t\t\t\t<h2 class=\"elementor-heading-title elementor-size-default\">Tour<\/h2>\t\t\t\t<\/div>\n\t\t\t\t<div class=\"elementor-element elementor-element-fa9870d elementor-widget elementor-widget-heading\" data-id=\"fa9870d\" data-element_type=\"widget\" data-widget_type=\"heading.default\">\n\t\t\t\t\t<p class=\"elementor-heading-title elementor-size-default\">What is Lorem Ipsum? Lorem Ipsum is simply dummy text of the printing and typesetting industry. Lorem Ipsum has been...<\/p>\t\t\t\t<\/div>\n\t\t\t\t<div class=\"elementor-element elementor-element-e1b0b31 elementor-widget elementor-widget-button\" data-id=\"e1b0b31\" data-element_type=\"widget\" data-widget_type=\"button.default\">\n\t\t\t\t\t\t\t\t\t\t<a class=\"elementor-button elementor-button-link elementor-size-sm\" href=\"#\">\n\t\t\t\t\t\t<span class=\"elementor-button-content-wrapper\">\n\t\t\t\t\t\t\t\t\t<span class=\"elementor-button-text\">Reservar<\/span>\n\t\t\t\t\t<\/span>\n\t\t\t\t\t<\/a>\n\t\t\t\t\t\t\t\t<\/div>\n\t\t\t\t<\/div>\n\t\t\t\t<\/div>\n\t\t<div class=\"elementor-element elementor-element-419613e e-con-full elementor-hidden-desktop elementor-hidden-tablet elementor-hidden-mobile e-flex e-con e-child\" data-id=\"419613e\" data-element_type=\"container\" data-settings=\"{&quot;background_background&quot;:&quot;classic&quot;}\">\n\t\t\t\t<div class=\"elementor-element elementor-element-d168aa2 elementor-widget__width-initial elementor-absolute elementor-widget elementor-widget-image\" data-id=\"d168aa2\" data-element_type=\"widget\" data-settings=\"{&quot;_position&quot;:&quot;absolute&quot;}\" data-widget_type=\"image.default\">\n\t\t\t\t\t\t\t\t\t\t\t\t\t\t\t<img fetchpriority=\"high\" decoding=\"async\" width=\"750\" height=\"750\" src=\"https:\/\/altolaguna.com\/wp-content\/uploads\/2025\/10\/ARTE.svg\" class=\"attachment-large size-large wp-image-661\" alt=\"\" style=\"width:100%;height:9.06%;max-width:3179px\" \/>\t\t\t\t\t\t\t\t\t\t\t\t\t\t\t<\/div>\n\t\t\t\t<div class=\"elementor-element elementor-element-99b91b9 elementor-widget__width-initial elementor-absolute e-transform elementor-widget elementor-widget-image\" data-id=\"99b91b9\" data-element_type=\"widget\" data-settings=\"{&quot;_position&quot;:&quot;absolute&quot;,&quot;_transform_rotateZ_effect&quot;:{&quot;unit&quot;:&quot;px&quot;,&quot;size&quot;:180,&quot;sizes&quot;:[]},&quot;_transform_rotateZ_effect_tablet&quot;:{&quot;unit&quot;:&quot;deg&quot;,&quot;size&quot;:&quot;&quot;,&quot;sizes&quot;:[]},&quot;_transform_rotateZ_effect_mobile&quot;:{&quot;unit&quot;:&quot;deg&quot;,&quot;size&quot;:&quot;&quot;,&quot;sizes&quot;:[]}}\" data-widget_type=\"image.default\">\n\t\t\t\t\t\t\t\t\t\t\t\t\t\t\t<img fetchpriority=\"high\" decoding=\"async\" width=\"750\" height=\"750\" src=\"https:\/\/altolaguna.com\/wp-content\/uploads\/2025\/10\/ARTE.svg\" class=\"attachment-large size-large wp-image-661\" alt=\"\" style=\"width:100%;height:9.06%;max-width:3179px\" \/>\t\t\t\t\t\t\t\t\t\t\t\t\t\t\t<\/div>\n\t\t<div class=\"elementor-element elementor-element-e2d8489 e-con-full e-flex e-con e-child\" data-id=\"e2d8489\" data-element_type=\"container\">\n\t\t\t\t<div class=\"elementor-element elementor-element-75bf3d7 elementor-widget elementor-widget-image\" data-id=\"75bf3d7\" data-element_type=\"widget\" data-widget_type=\"image.default\">\n\t\t\t\t\t\t\t\t\t\t\t\t\t\t\t<img decoding=\"async\" src=\"https:\/\/altolaguna.com\/wp-content\/uploads\/2025\/10\/AltoLaguna128-o.jpg\" title=\"AltoLaguna128-o\" alt=\"AltoLaguna128-o\" loading=\"lazy\" \/>\t\t\t\t\t\t\t\t\t\t\t\t\t\t\t<\/div>\n\t\t\t\t<\/div>\n\t\t<div class=\"elementor-element elementor-element-5a87fdd e-con-full e-flex e-con e-child\" data-id=\"5a87fdd\" data-element_type=\"container\">\n\t\t\t\t<div class=\"elementor-element elementor-element-ad089cd elementor-widget elementor-widget-heading\" data-id=\"ad089cd\" data-element_type=\"widget\" data-widget_type=\"heading.default\">\n\t\t\t\t\t<h2 class=\"elementor-heading-title elementor-size-default\">Servicio 4<\/h2>\t\t\t\t<\/div>\n\t\t\t\t<div class=\"elementor-element elementor-element-43025af elementor-widget elementor-widget-heading\" data-id=\"43025af\" data-element_type=\"widget\" data-widget_type=\"heading.default\">\n\t\t\t\t\t<p class=\"elementor-heading-title elementor-size-default\">What is Lorem Ipsum? Lorem Ipsum is simply dummy text of the printing and typesetting industry. Lorem Ipsum has been...<\/p>\t\t\t\t<\/div>\n\t\t\t\t<div class=\"elementor-element elementor-element-2ccb384 elementor-widget elementor-widget-button\" data-id=\"2ccb384\" data-element_type=\"widget\" data-widget_type=\"button.default\">\n\t\t\t\t\t\t\t\t\t\t<a class=\"elementor-button elementor-button-link elementor-size-sm\" href=\"#\">\n\t\t\t\t\t\t<span class=\"elementor-button-content-wrapper\">\n\t\t\t\t\t\t\t\t\t<span class=\"elementor-button-text\">Reservar<\/span>\n\t\t\t\t\t<\/span>\n\t\t\t\t\t<\/a>\n\t\t\t\t\t\t\t\t<\/div>\n\t\t\t\t<\/div>\n\t\t\t\t<\/div>\n\t\t\t\t\t<\/div>\n\t\t\t\t<\/div>\n\t\t<div class=\"elementor-element elementor-element-d0a3994 e-flex e-con-boxed e-con e-parent\" data-id=\"d0a3994\" data-element_type=\"container\">\n\t\t\t\t\t<div class=\"e-con-inner\">\n\t\t\t\t<div class=\"elementor-element elementor-element-e88c27f elementor-widget elementor-widget-spacer\" data-id=\"e88c27f\" data-element_type=\"widget\" data-widget_type=\"spacer.default\">\n\t\t\t\t\t\t\t<div class=\"elementor-spacer\">\n\t\t\t<div class=\"elementor-spacer-inner\"><\/div>\n\t\t<\/div>\n\t\t\t\t\t\t<\/div>\n\t\t\t\t\t<\/div>\n\t\t\t\t<\/div>\n\t\t\t\t<\/div>\n\t\t","protected":false},"excerpt":{"rendered":"<p>Servicios Vive una experiencia aut\u00e9ntica en la tierra del pueblo Ng\u00e4be. Alto Laguna de Osa ofrece una experiencia \u00fanica, donde la naturaleza y la cultura Ng\u00e4be se combinan para que los visitantes puedan disfrutar de recorridos guiados, observar flora y fauna, hospedarse en un ambiente tranquilo, adquirir artesan\u00edas y degustar de la gastronom\u00eda tradicional. Adem\u00e1s,&hellip; <a class=\"more-link\" href=\"https:\/\/altolaguna.com\/?page_id=646\">Continuar leyendo <span class=\"screen-reader-text\">Servicios<\/span><\/a><\/p>\n","protected":false},"author":1,"featured_media":0,"parent":0,"menu_order":0,"comment_status":"closed","ping_status":"closed","template":"elementor_header_footer","meta":{"inline_featured_image":false,"footnotes":""},"class_list":["post-646","page","type-page","status-publish","hentry","entry"],"_links":{"self":[{"href":"https:\/\/altolaguna.com\/index.php?rest_route=\/wp\/v2\/pages\/646","targetHints":{"allow":["GET"]}}],"collection":[{"href":"https:\/\/altolaguna.com\/index.php?rest_route=\/wp\/v2\/pages"}],"about":[{"href":"https:\/\/altolaguna.com\/index.php?rest_route=\/wp\/v2\/types\/page"}],"author":[{"embeddable":true,"href":"https:\/\/altolaguna.com\/index.php?rest_route=\/wp\/v2\/users\/1"}],"replies":[{"embeddable":true,"href":"https:\/\/altolaguna.com\/index.php?rest_route=%2Fwp%2Fv2%2Fcomments&post=646"}],"version-history":[{"count":61,"href":"https:\/\/altolaguna.com\/index.php?rest_route=\/wp\/v2\/pages\/646\/revisions"}],"predecessor-version":[{"id":1294,"href":"https:\/\/altolaguna.com\/index.php?rest_route=\/wp\/v2\/pages\/646\/revisions\/1294"}],"wp:attachment":[{"href":"https:\/\/altolaguna.com\/index.php?rest_route=%2Fwp%2Fv2%2Fmedia&parent=646"}],"curies":[{"name":"wp","href":"https:\/\/api.w.org\/{rel}","templated":true}]}}